{"id":19,"date":"2021-03-27T16:01:34","date_gmt":"2021-03-27T16:01:34","guid":{"rendered":"https:\/\/vidis-project.org\/?page_id=19"},"modified":"2024-07-04T05:52:11","modified_gmt":"2024-07-04T05:52:11","slug":"about","status":"publish","type":"page","link":"https:\/\/vidis-project.org\/","title":{"rendered":"Home"},"content":{"rendered":"\n<h2 class=\"wp-block-heading alignwide has-text-align-center has-text-color has-link-color has-large-font-size wp-elements-6c49c774b21958c31f7d2f01e897ab2d\" style=\"color:#049c44\"><strong>Project Highlights<\/strong><\/h2>\n\n\n\n<hr class=\"wp-block-separator has-alpha-channel-opacity\"\/>\n\n\n\n<div class=\"wp-block-columns alignwide are-vertically-aligned-center is-layout-flex wp-container-core-columns-is-layout-9d6595d7 wp-block-columns-is-layout-flex\">\n<div class=\"wp-block-column is-vertically-aligned-center is-layout-flow wp-block-column-is-layout-flow\">\n<div class=\"wp-block-media-text is-stacked-on-mobile is-vertically-aligned-center\"><figure class=\"wp-block-media-text__media\"><img loading=\"lazy\" decoding=\"async\" width=\"1024\" height=\"768\" src=\"https:\/\/vidis-project.org\/wp-content\/uploads\/2024\/03\/viber_image_2024-03-21_15-28-09-695-1024x768.jpg\" alt=\"\" class=\"wp-image-1078 size-medium\" srcset=\"https:\/\/vidis-project.org\/wp-content\/uploads\/2024\/03\/viber_image_2024-03-21_15-28-09-695-1024x768.jpg 1024w, https:\/\/vidis-project.org\/wp-content\/uploads\/2024\/03\/viber_image_2024-03-21_15-28-09-695-300x225.jpg 300w, https:\/\/vidis-project.org\/wp-content\/uploads\/2024\/03\/viber_image_2024-03-21_15-28-09-695-768x576.jpg 768w, https:\/\/vidis-project.org\/wp-content\/uploads\/2024\/03\/viber_image_2024-03-21_15-28-09-695-1536x1152.jpg 1536w, https:\/\/vidis-project.org\/wp-content\/uploads\/2024\/03\/viber_image_2024-03-21_15-28-09-695.jpg 1800w\" sizes=\"auto, (max-width: 1024px) 100vw, 1024px\" \/><\/figure><div class=\"wp-block-media-text__content\">\n<h2 class=\"wp-block-heading has-text-align-left\"><a href=\"https:\/\/vidis-project.org\/index.php\/2024\/03\/21\/research-and-innovation-week-in-brussels\/\">Research and Innovation week in Brussels<\/a><\/h2>\n<\/div><\/div>\n<\/div>\n\n\n\n<div class=\"wp-block-column is-vertically-aligned-center is-layout-flow wp-block-column-is-layout-flow\">\n<div class=\"wp-block-media-text has-media-on-the-right is-stacked-on-mobile is-vertically-aligned-center\" style=\"grid-template-columns:auto 67%\"><div class=\"wp-block-media-text__content\">\n<h2 class=\"wp-block-heading has-text-align-right\"><a href=\"https:\/\/projects.research-and-innovation.ec.europa.eu\/en\/projects\/success-stories\/all\/low-cost-sensors-offer-improved-monitoring-air-quality\">Project Success Story<\/a><\/h2>\n<\/div><figure class=\"wp-block-media-text__media\"><img loading=\"lazy\" decoding=\"async\" width=\"300\" height=\"165\" src=\"https:\/\/vidis-project.org\/wp-content\/uploads\/2024\/02\/succces-story-300x165.png\" alt=\"\" class=\"wp-image-1059 size-medium\" srcset=\"https:\/\/vidis-project.org\/wp-content\/uploads\/2024\/02\/succces-story-300x165.png 300w, https:\/\/vidis-project.org\/wp-content\/uploads\/2024\/02\/succces-story-1024x564.png 1024w, https:\/\/vidis-project.org\/wp-content\/uploads\/2024\/02\/succces-story-768x423.png 768w, https:\/\/vidis-project.org\/wp-content\/uploads\/2024\/02\/succces-story.png 1157w\" sizes=\"auto, (max-width: 300px) 100vw, 300px\" \/><\/figure><\/div>\n<\/div>\n<\/div>\n\n\n\n<div style=\"height:50px\" aria-hidden=\"true\" class=\"wp-block-spacer\"><\/div>\n\n\n\n<hr class=\"wp-block-separator alignwide has-alpha-channel-opacity\"\/>\n\n\n\n<div style=\"height:50px\" aria-hidden=\"true\" class=\"wp-block-spacer\"><\/div>\n\n\n\n<h3 class=\"wp-block-heading alignwide has-text-align-center has-text-color has-link-color has-large-font-size wp-elements-57121adfd81104721fee8091bbc39667\" style=\"color:#049c44;font-style:normal;font-weight:700;letter-spacing:2px\"><strong>News<\/strong> &amp; Events<\/h3>\n\n\n\n<hr class=\"wp-block-separator has-alpha-channel-opacity\"\/>\n\n\n<ul style=\"font-style:normal;font-weight:600;\" class=\"wp-block-latest-posts__list is-grid columns-3 alignwide wp-block-latest-posts has-medium-font-size\"><li><div class=\"wp-block-latest-posts__featured-image\"><a href=\"https:\/\/vidis-project.org\/index.php\/2024\/09\/27\/vidis-team-interview-at-ri-days-2024\/\" aria-label=\"VIDIS team interview at R&amp;I Days 2024\"><img loading=\"lazy\" decoding=\"async\" width=\"1024\" height=\"570\" src=\"https:\/\/vidis-project.org\/wp-content\/uploads\/2024\/09\/image-1024x570.png\" class=\"attachment-large size-large wp-post-image\" alt=\"\" style=\"\" srcset=\"https:\/\/vidis-project.org\/wp-content\/uploads\/2024\/09\/image-1024x570.png 1024w, https:\/\/vidis-project.org\/wp-content\/uploads\/2024\/09\/image-300x167.png 300w, https:\/\/vidis-project.org\/wp-content\/uploads\/2024\/09\/image-768x428.png 768w, https:\/\/vidis-project.org\/wp-content\/uploads\/2024\/09\/image-1536x855.png 1536w, https:\/\/vidis-project.org\/wp-content\/uploads\/2024\/09\/image.png 1661w\" sizes=\"auto, (max-width: 1024px) 100vw, 1024px\" \/><\/a><\/div><a class=\"wp-block-latest-posts__post-title\" href=\"https:\/\/vidis-project.org\/index.php\/2024\/09\/27\/vidis-team-interview-at-ri-days-2024\/\">VIDIS team interview at R&amp;I Days 2024<\/a><div class=\"wp-block-latest-posts__post-excerpt\">European Research Executive Agency (REA) just published a short interview with members of our VIDIS team (dr Milena Jova\u0161evi\u0107-Stojanovi\u0107, project coordinator\u2026 <a class=\"wp-block-latest-posts__read-more\" href=\"https:\/\/vidis-project.org\/index.php\/2024\/09\/27\/vidis-team-interview-at-ri-days-2024\/\" rel=\"noopener noreferrer\">Read more<span class=\"screen-reader-text\">: VIDIS team interview at R&amp;I Days 2024<\/span><\/a><\/div><\/li>\n<li><div class=\"wp-block-latest-posts__featured-image\"><a href=\"https:\/\/vidis-project.org\/index.php\/2024\/07\/22\/the-european-commission-highlights-successful-projects-over-40-years-of-achievements-including-the-vidis-project\/\" aria-label=\"The European Commission Highlights Successful Projects Over 40 Years of Achievements, Including the VIDIS Project\"><img loading=\"lazy\" decoding=\"async\" width=\"1024\" height=\"616\" src=\"https:\/\/vidis-project.org\/wp-content\/uploads\/2024\/07\/Screenshot-2024-07-22-at-15-25-39-European-research-and-innovation-looking-at-the-past-to-prepare-for-the-future-1024x616.png\" class=\"attachment-large size-large wp-post-image\" alt=\"\" style=\"\" srcset=\"https:\/\/vidis-project.org\/wp-content\/uploads\/2024\/07\/Screenshot-2024-07-22-at-15-25-39-European-research-and-innovation-looking-at-the-past-to-prepare-for-the-future-1024x616.png 1024w, https:\/\/vidis-project.org\/wp-content\/uploads\/2024\/07\/Screenshot-2024-07-22-at-15-25-39-European-research-and-innovation-looking-at-the-past-to-prepare-for-the-future-300x181.png 300w, https:\/\/vidis-project.org\/wp-content\/uploads\/2024\/07\/Screenshot-2024-07-22-at-15-25-39-European-research-and-innovation-looking-at-the-past-to-prepare-for-the-future-768x462.png 768w, https:\/\/vidis-project.org\/wp-content\/uploads\/2024\/07\/Screenshot-2024-07-22-at-15-25-39-European-research-and-innovation-looking-at-the-past-to-prepare-for-the-future.png 1432w\" sizes=\"auto, (max-width: 1024px) 100vw, 1024px\" \/><\/a><\/div><a class=\"wp-block-latest-posts__post-title\" href=\"https:\/\/vidis-project.org\/index.php\/2024\/07\/22\/the-european-commission-highlights-successful-projects-over-40-years-of-achievements-including-the-vidis-project\/\">The European Commission Highlights Successful Projects Over 40 Years of Achievements, Including the VIDIS Project<\/a><div class=\"wp-block-latest-posts__post-excerpt\">This year, the European Commission celebrated forty years of the EU Framework Programmes for funding research and innovation. Over these forty\u2026 <a class=\"wp-block-latest-posts__read-more\" href=\"https:\/\/vidis-project.org\/index.php\/2024\/07\/22\/the-european-commission-highlights-successful-projects-over-40-years-of-achievements-including-the-vidis-project\/\" rel=\"noopener noreferrer\">Read more<span class=\"screen-reader-text\">: The European Commission Highlights Successful Projects Over 40 Years of Achievements, Including the VIDIS Project<\/span><\/a><\/div><\/li>\n<li><div class=\"wp-block-latest-posts__featured-image\"><a href=\"https:\/\/vidis-project.org\/index.php\/2024\/04\/11\/vidis-project-final-meeting\/\" aria-label=\"VIDIS Project Final Meeting\"><img loading=\"lazy\" decoding=\"async\" width=\"1024\" height=\"806\" src=\"https:\/\/vidis-project.org\/wp-content\/uploads\/2024\/04\/Agenda-fm-1-1024x806.png\" class=\"attachment-large size-large wp-post-image\" alt=\"\" style=\"\" srcset=\"https:\/\/vidis-project.org\/wp-content\/uploads\/2024\/04\/Agenda-fm-1-1024x806.png 1024w, https:\/\/vidis-project.org\/wp-content\/uploads\/2024\/04\/Agenda-fm-1-300x236.png 300w, https:\/\/vidis-project.org\/wp-content\/uploads\/2024\/04\/Agenda-fm-1-768x604.png 768w, https:\/\/vidis-project.org\/wp-content\/uploads\/2024\/04\/Agenda-fm-1.png 1083w\" sizes=\"auto, (max-width: 1024px) 100vw, 1024px\" \/><\/a><\/div><a class=\"wp-block-latest-posts__post-title\" href=\"https:\/\/vidis-project.org\/index.php\/2024\/04\/11\/vidis-project-final-meeting\/\">VIDIS Project Final Meeting<\/a><div class=\"wp-block-latest-posts__post-excerpt\">We are excited\u00a0 to be organizing the VIDIS PROJECT FINAL MEETING, Meeting is hybrid, in person and on-line on April 11th\u2026 <a class=\"wp-block-latest-posts__read-more\" href=\"https:\/\/vidis-project.org\/index.php\/2024\/04\/11\/vidis-project-final-meeting\/\" rel=\"noopener noreferrer\">Read more<span class=\"screen-reader-text\">: VIDIS Project Final Meeting<\/span><\/a><\/div><\/li>\n<\/ul>\n\n\n<h2 class=\"wp-block-heading alignwide has-text-align-center has-black-color has-text-color has-link-color has-large-font-size wp-elements-ae365c6d384afd24285eec70003b5e22\"><strong>\u201cTechnologies and us\u201d \u2013 \u201cTehnologije i mi\u201d, devoted to VIDIS project<\/strong><\/h2>\n\n\n\n<hr class=\"wp-block-separator aligncenter has-alpha-channel-opacity\"\/>\n\n\n\n<figure class=\"wp-block-embed alignwide is-type-video is-provider-youtube wp-block-embed-youtube wp-embed-aspect-16-9 wp-has-aspect-ratio\"><div class=\"wp-block-embed__wrapper\">\n<p class=\"responsive-video-wrap clr\"><iframe loading=\"lazy\" title=\"Tehnologije i mi - S03 E13 - Inovativne tehnologije u proceni kvaliteta vazduha\" width=\"1200\" height=\"675\" src=\"https:\/\/www.youtube.com\/embed\/y-ZWgshUmTE?feature=oembed\" frameborder=\"0\" allow=\"accelerometer; autoplay; clipboard-write; encrypted-media; gyroscope; picture-in-picture; web-share\" referrerpolicy=\"strict-origin-when-cross-origin\" allowfullscreen><\/iframe><\/p>\n<\/div><\/figure>\n","protected":false},"excerpt":{"rendered":"<p>Project Highlights Research and Innovation week in Brussels Project Success Story News &amp; Events \u201cTechnologies and us\u201d \u2013 \u201cTehnologije i mi\u201d, devoted to VIDIS project<\/p>\n","protected":false},"author":1,"featured_media":1033,"parent":0,"menu_order":1,"comment_status":"closed","ping_status":"closed","template":"","meta":{"footnotes":""},"class_list":["post-19","page","type-page","status-publish","has-post-thumbnail","hentry","entry","has-media"],"_links":{"self":[{"href":"https:\/\/vidis-project.org\/index.php\/wp-json\/wp\/v2\/pages\/19","targetHints":{"allow":["GET"]}}],"collection":[{"href":"https:\/\/vidis-project.org\/index.php\/wp-json\/wp\/v2\/pages"}],"about":[{"href":"https:\/\/vidis-project.org\/index.php\/wp-json\/wp\/v2\/types\/page"}],"author":[{"embeddable":true,"href":"https:\/\/vidis-project.org\/index.php\/wp-json\/wp\/v2\/users\/1"}],"replies":[{"embeddable":true,"href":"https:\/\/vidis-project.org\/index.php\/wp-json\/wp\/v2\/comments?post=19"}],"version-history":[{"count":75,"href":"https:\/\/vidis-project.org\/index.php\/wp-json\/wp\/v2\/pages\/19\/revisions"}],"predecessor-version":[{"id":1761,"href":"https:\/\/vidis-project.org\/index.php\/wp-json\/wp\/v2\/pages\/19\/revisions\/1761"}],"wp:featuredmedia":[{"embeddable":true,"href":"https:\/\/vidis-project.org\/index.php\/wp-json\/wp\/v2\/media\/1033"}],"wp:attachment":[{"href":"https:\/\/vidis-project.org\/index.php\/wp-json\/wp\/v2\/media?parent=19"}],"curies":[{"name":"wp","href":"https:\/\/api.w.org\/{rel}","templated":true}]}}