{"id":1536,"date":"2024-06-24T12:09:30","date_gmt":"2024-06-24T12:09:30","guid":{"rendered":"https:\/\/vidis-project.org\/?page_id=1536"},"modified":"2024-07-02T06:36:04","modified_gmt":"2024-07-02T06:36:04","slug":"research-publications","status":"publish","type":"page","link":"https:\/\/vidis-project.org\/index.php\/research-publications\/","title":{"rendered":"Research Publications"},"content":{"rendered":"\n<h2 class=\"wp-block-heading\">Publication List<\/h2>\n\n\n\n<table>\n  <tr>\n    <th>Topic Involved<\/th>\n    <th>Partner(s)<\/th>\n    <th>Journal Name<\/th>\n    <th>Reference<\/th>\n    <th>I.F.<\/th>\n  <\/tr>\n  <tr>\n    <td>AI, Global Calibration, PM Sensing<\/td>\n    <td>ENEA, VINCA<\/td>\n    <td>IEEE Transactions on Instrumentation and Measurement<\/td>\n    <td>S. DE VITO, G. D\u2019 ELIA, S. FERLITO , M. DAVIDOVIC, D. KLEUT, D. B. STOJANOVIC, M. JOVASEVIC-STOJANOVI\u0106, &#8220;A GLOBAL MULTIUNIT CALIBRATION AS A METHOD FOR LARGE-SCALE IOT PARTICULATE MATTER MONITORING SYSTEMS DEPLOYMENTS,&#8221; IN IEEE TRANSACTIONS ON INSTRUMENTATION AND MEASUREMENT, VOL. 73, PP. 1-16, 2024, ART NO. 2501916, DOI: <a href=\"https:\/\/doi.org\/10.1109\/TIM.2023.3331428\">10.1109\/TIM.2023.3331428<\/a><\/td>\n    <td>5.6<\/td>\n  <\/tr>\n  <tr>\n    <td>Concept Drift Detection and Mitigation, Calibration, PM Sensing<\/td>\n    <td>ENEA<\/td>\n    <td>IEEE Transactions on Instrumentation and Measurement<\/td>\n    <td>G. D\u2019ELIA, FERRO, M.; SOMMELLA, P.; FERLITO, S.; DE VITO, S.; DI FRANCIA, G., &#8220;INFLUENCE OF CONCEPT DRIFT ON METROLOGICAL PERFORMANCE OF LOW-COST NO2 SENSORS,&#8221; IN IEEE TRANSACTIONS ON INSTRUMENTATION AND MEASUREMENT, VOL. 71, PP. 1-11, 2022<\/td>\n    <td>5.6<\/td>\n  <\/tr>\n  <tr>\n    <td>LUR Calibration and exploitation<\/td>\n    <td>VINCA<\/td>\n    <td>MDPI Sustainability<\/td>\n    <td>SONJA DMITRA\u0160INOVI\u0106, JELENA RADONI\u0106, MARIJA \u017dIVKOVI\u0106 , MILENA JOVA\u0160EVI\u0106-STOJANOVI\u0106 AND MILO\u0160 DAVIDOVI\u0106, WINTER AND SUMMER PM2.5 LAND USE REGRESSION MODEL FOR NOVI SAD CITY, SERBIA, SUBMITTED FOR PUBBLICATION IN SUSTAINABILITY, 2024<\/td>\n    <td>3.9<\/td>\n  <\/tr>\n  <tr>\n    <td>Data Quality evaluation<\/td>\n    <td>VINCA<\/td>\n    <td>MDPI Sensors<\/td>\n    <td>STOJANOVI\u0106, D.B.; KLEUT, D.; DAVIDOVI\u0106, M.; \u017dIVKOVI\u0106, M.; RAMADANI, U.; JOVANOVI\u0106, M.; LAZOVI\u0106, I.; JOVA\u0160EVI\u0106-STOJANOVI\u0106, M. DATA EVALUATION OF A LOW-COST SENSOR NETWORK FOR ATMOSPHERIC PARTICULATE MATTER MONITORING IN 15 MUNICIPALITIES IN SERBIA. SENSORS 2024, 24, 4052. <a href=\"https:\/\/doi.org\/10.3390\/s24134052\">HTTPS:\/\/DOI.ORG\/10.3390\/S24134052<\/a><\/td>\n    <td>3.9<\/td>\n  <\/tr>\n  <tr>\n    <td>Concept Drift Detection and Mitigation, Calibration<\/td>\n    <td>ENEA<\/td>\n    <td>MDPI Sensors<\/td>\n    <td>D\u2019ELIA, G.; FERRO, M.; SOMMELLA, P.; FERLITO, S.; DE VITO, S.; DI FRANCIA, G. CONCEPT DRIFT MITIGATION IN LOW-COST AIR QUALITY MONITORING NETWORKS. SENSORS 2024, 24, 2786. <a href\"HTTPS:\/\/DOI.ORG\/10.3390\/S24092786\">HTTPS:\/\/DOI.ORG\/10.3390\/S24092786<\/a><\/td>\n    <td>3.9<\/td>\n  <\/tr>\n  <tr>\n    <td>Particulate and Aerosol concentration forecasting<\/td>\n    <td>VINCA<\/td>\n    <td>MDPI Symmetry<\/td>\n    <td>DU\u0160AN P. NIKEZI\u0106, DU\u0160AN S. RADIVOJEVI\u0106, NIKOLA S. MIRKOV, IVAN M. LAZOVI\u0106, AND TATJANA A. MILJOJ\u010cI\u0106 , SYMMETRIC U-NET MODEL TUNED BY FOX META-HEURISTIC ALGORITHM FOR GLOBAL PREDICTION OF AEROSOL HIGH-CONCENTRATION, SYMMETRY, 2024, 16(5), 525; <a href=\"HTTPS:\/\/DOI.ORG\/10.3390\/SYM16050525\">HTTPS:\/\/DOI.ORG\/10.3390\/SYM16050525<\/a><\/td>\n    <td>2.7<\/td>\n  <\/tr>\n  <tr>\n    <td>AQ Assessment<\/td>\n    <td>VINCA<\/td>\n    <td>MDPI Applied Science<\/td>\n    <td>DAVIDOVI\u0106, M.; DMITRA\u0160INOVI\u0106, S.; JOVANOVI\u0106, M.; RADONI\u0106, J.; JOVA\u0160EVI\u0106-STOJANOVI\u0106, M. DIURNAL, TEMPORAL AND SPATIAL VARIATIONS OF MAIN AIR POLLUTANTS BEFORE AND DURING EMERGENCY LOCKDOWN IN THE CITY OF NOVI SAD (SERBIA). APPL. SCI. 2021, 11, 1212. <a href=\"HTTPS:\/\/DOI.ORG\/10.3390\/APP11031212\">HTTPS:\/\/DOI.ORG\/10.3390\/APP11031212<\/a><\/td>\n    <td>2.7<\/td>\n  <\/tr>\n  <tr>\n    <td>Low Cost Sensors Accuracy, Communication of AQ data<\/td>\n    <td>NILU<\/td>\n    <td>Atmospheric Environment<\/td>\n    <td>YATKIN S., ET AL., MODIFIED TARGET DIAGRAM TO CHECK COMPLIANCE OF LOWCOST SENSORS WITH THE DATA QUALITY OBJECTIVES OF THE EUROPEAN AIR QUALITY DIRECTIVE, ATMOSPHERIC ENVIRONMENT, VOLUME 273, 2022, 118967, ISSN 1352-2310, <a href=\"HTTPS:\/\/DOI.ORG\/10.1016\/J.ATMOSENV.2022.118967\">HTTPS:\/\/DOI.ORG\/10.1016\/J.ATMOSENV.2022.118967<\/a><\/td>\n    <td>2.3<\/td>\n  <\/tr>\n  <tr>\n    <td>Editorial. AQ Research &#038; Management<\/td>\n    <td>VINCA, ENEA, NILU, QUT<\/td>\n    <td>Thermal Science<\/td>\n    <td>JOVASEVIC-STOJANOVIC M., DE VITO S., RISTOVSKI Z., BARTONOVA A., PARTICULATE MATTER RESEARCH AND MANAGEMENT IN SERBIA, THERMAL SCIENCE: YEAR 2023, VOL. 27, NO. 3B, P. XI-XV<\/td>\n    <td>1.7<\/td>\n  <\/tr>\n  <tr>\n    <td>AQ Assessment<\/td>\n    <td>VINCA<\/td>\n    <td>Thermal Science<\/td>\n    <td>SONJA DMITRA\u0160INOVI\u0106 , MARIJA \u017dIVKOVI\u0106, MAJA JOVANOVI\u0106, JELENA RADONI\u01061, MILO\u0160 DAVIDOVI\u0106, TRAFFIC INTENSITY AND AIR POLLUTION BEFORE AND AIR POLLUTION BEFORE AND DURING LOCKDOWN IN NOVI SAD, SERBIA,THERMAL SCIENCE, VOL. 27, NO. 3B, PP. 2333-2345<\/td>\n    <td>1.7<\/td>\n  <\/tr>\n  <tr>\n    <td><\/td>\n    <td>VINCA, QUT<\/td>\n    <td>Thermal Science<\/td>\n    <td>SVETLANA STEVANOVI\u01061*, MAJA JOVANOVI\u01062, MILENA JOVA\u0160EVI\u0106-STOJANOVI\u01062, ZORAN RISTOVSKI, 2023, SOURCE APPORTIONMENT OF OXIDATIVE POTENTIAL \u2013 WHAT WE KNOW SO FAR, THERMAL SCIENCE 2023 VOLUME 27, ISSUE 3 PART B, PAGES: 2347-2357, <a href=\"HTTPS:\/\/DOI.ORG\/10.2298\/TSCI221107111S\">HTTPS:\/\/DOI.ORG\/10.2298\/TSCI221107111S<\/a><\/td>\n    <td>1.7<\/td>\n  <\/tr>\n  <tr>\n    <td>Particulate Matter pollution Characterization<\/td>\n    <td>VINCA<\/td>\n    <td>Thermal Science<\/td>\n    <td>MARIJA \u017dIVKOVI\u0106 , MILENA JOVA\u0160EVI\u0106-STOJANOVI\u0106 , ANKA CVETKOVI\u0106 , RASTKO JOVANOVI\u0106 , DRAGAN MANOJLOVI\u0106, 2023. CHARACTERISATION OF FINE PARTICULATE MATTER LEVEL, CONTENT AND SOURCES OF A KINDERGARDEN MICROENVIRONMENT IN BELGRADE CITY CENTER, THERMAL SCIENCE: VOL. 27, NO. 3B, PP. 2215-2228, <a href=\"HTTPS:\/\/DOI.ORG\/10.2298\/TSCI220831220Z\">HTTPS:\/\/DOI.ORG\/10.2298\/TSCI220831220Z<\/a> (IF2023=1.71)<\/td>\n    <td>1.7<\/td>\n  <\/tr>\n  <tr>\n    <td>Calibration, PM Sensing<\/td>\n    <td>VINCA, ENEA; NILU<\/td>\n    <td>Thermal Science<\/td>\n    <td>DANKA B. STOJANOVI\u0106*, DU\u0160KA N. KLEUT, MILO\u0160 D. DAVIDOVI\u0106, SAVERIO DE VITO, MILENA V. JOVA\u0160EVI\u0106-STOJANOVI\u0106, ALENA BARTONOVA, JEAN-MARIE LEPIOUFLE,2023. LOW-PROCESSING DATA ENRICHMENT AND CALIBRATION FOR PM2.5 LOW-COST SENSORS, THERMAL SCIENCE: YEAR 2023, VOL. 27, NO. 3B, PP. 2229-2240, <a href=\"HTTPS:\/\/DOI.ORG\/10.2298\/TSCI221109221S\">HTTPS:\/\/DOI.ORG\/10.2298\/TSCI221109221S<\/a> (IF2023=1.71)<\/td>\n    <td>1.7<\/td>\n  <\/tr>\n<\/table>\n\n\n\n<h2 class=\"wp-block-heading\">Conference Participations<\/h2>\n\n\n\n<table>\n  <tr>\n    <th>Conference<\/th>\n    <th>Partners<\/th>\n    <th>Contribution<\/th>\n    <th>Title<\/th>\n    <th>Notes<\/th>\n  <\/tr>\n  <tr>\n    <td>68th National Conference ETRAN 2024, 03-06 May, Ni\u0161, Serbia<\/td>\n    <td>VINCA<\/td>\n    <td>Uzahir Ramadani, Ivan Lazovi\u0107, Slobodan Radojevi\u0107, Marija \u017divkovi\u0107, Milena\nJova\u0161evi\u0107-Stojanovi\u0107 and Milo\u0161 Davidovi\u0107<\/td>\n    <td>MRE\u017dE SENZORA ZA PRA\u0106ENJE KONCENTRACIJE SUSPENDOVANIH \u010cESTICA U VAZDUHU<\/td>\n    <td>Available online<\/td>\n  <\/tr>\n  <tr>\n    <td>3rd SYMPOSIUM ON AIR QUALITY PLANNING IN CITIES, Sarajevo (Bosnia and Hercegovina), 17.-18.4.2024.<\/td>\n    <td>VINCA<\/td>\n    <td>Maja Jovanovi\u0107, Svetlana Stevanovi\u0107, Marija \u017divkovi\u0107, Bojana Petrovi\u0107, Vi\u0161a Tasi\u0107, Renata Kova\u010devi\u0107, Milena Jova\u0161evi\u0107 \u2013 Stojanovi\u0107<\/td>\n    <td>Chemical composition and oxidative potential of pm 2.5 and pm 10 in urban and urban-industrial environments<\/td>\n    <td>Available online<\/td>\n  <\/tr>\n  <tr>\n    <td><\/td>\n    <td>VINCA, QUT, ENEA, NILU<\/td>\n    <td>Milena Jova\u0161evi\u0107-Stojanovi\u0107, Zoran Ristovski, Saverio de Vito, Milo\u0161 Davidovi\u0107, Alena Barto\u0148ov\u00e1 and VIDIS project team<\/td>\n    <td>Establishing sustainable international excellence centre for reduction of air pollution &#8211; experiences from the VIDIS project<\/td>\n    <td>Available online<\/td>\n  <\/tr>\n  <tr>\n    <td><\/td>\n    <td>VINCA, QUT<\/td>\n    <td>\u017deljko \u0106irovi\u0107, Ivan Lazovi\u0107, Uzahir Ramadani, Milo\u0161 Davidovi\u0107, Zoran Ristovski, Milena Jova\u0161evi\u0107-Stojanovi\u0107<\/td>\n    <td>Quantifying particulate matter distribution in an open biomass burning &#8211; simulation using online monitoring devices and drone technology<\/td>\n    <td>Available online<\/td>\n  <\/tr>\n  <tr>\n    <td><\/td>\n    <td>NILU<\/td>\n    <td>Alena Bartonova<\/td>\n    <td>Assessing Air Quality in Norway and Europe<\/td>\n    <td><\/td>\n  <\/tr>\n  <tr>\n    <td>16th Photonics Workshop: Kopaonik, March 12 \u2013 15, 2023<\/td>\n    <td>VINCA<\/td>\n    <td>Milo\u0161 Davidovi\u0107, Du\u0161ka Kleut, Milena Davidovi\u0107, Danka B. Stojanovi\u0107, Milena Jova\u0161evi\u0107-Stojanovi\u0107<\/td>\n    <td>Combining size distribution spectrums of ambient aerosols using equivalent optical properties of nanosized particles \u2013 selected examples from the Bay of Kotor<\/td>\n    <td>Available online<\/td>\n  <\/tr>\n  <tr>\n    <td>17th Photonics Workshop: Kopaonik, March 10 \u2013 14, 2024<\/td>\n    <td>VINCA<\/td>\n    <td>Danka B. Stojanovi\u0107, \u017deljko Cirovi\u0107, Bojana Petrovi\u0107, Maja Jovanovi\u0107, Marija \u017divkovi\u0107, Milo\u0161 Davidovi\u0107, Milena Jova\u0161evi\u0107-Stojanovi\u0107<\/td>\n    <td>Atmospheric aerosols monitoring by scanning mobility and optical particle sizers in an urban area<\/td>\n    <td>Available online<\/td>\n  <\/tr>\n  <tr>\n    <td>Abstracts of Keynote Invited Lectures and Contributed Papers from The Ninth International WEBIOPATR Workshop &#038; Conference Particulate Matter: Research and Management-WeBIOPATR2023<\/td>\n    <td>VINCA, NILU, ENEA, QUT<\/td>\n    <td>D. Kleut, D. B. Stojanovi\u0107, M. Davidovic, A. Bartonova, S. De Vito, Z. Ristovski, M. Jova\u0161evi\u0107-Stojanovi\u0107<\/td>\n    <td>LEVEL OF AGREEMENT (VARIABILITY) OF PM10 AND PM2.5 DETECTED WITH EQUIVALENT V.S. LOW-COST MONITORS INSTALLED IN FOUR MUNICIPALITIES<\/td>\n    <td><\/td>\n  <\/tr>\n  <tr>\n    <td><\/td>\n    <td>VINCA<\/td>\n    <td>U. Ramadani, S. Radojevi\u0107, I. Lazovi\u0107, M. Davidovi\u0107, M. Jova\u0161evi\u0107-Stojanovi\u0107<\/td>\n    <td>THE VIDIS LOW-COST SENSOR NETWORK DEVELOPMENT: IMPLEMENTATION IN THE CITY OF NOVI SAD<\/td>\n    <td><\/td>\n  <\/tr>\n  <tr>\n    <td><\/td>\n    <td>VINCA<\/td>\n    <td>D. B. Stojanovi\u0107, D. Kleut, M. Davidovi\u0107, M. \u017divkovi\u0107, U. Ramadani, M. Jovanovi\u0107, I. Lazovi\u0107, M. Jova\u0161evi\u0107-Stojanovi\u0107<\/td>\n    <td>ONE-YEAR DATA EVALUATION OF LOW-COST SENSOR NETWORK FOR ATMOSPHERIC PARTICULATE MATTER MONITORING IN 15 MUNICIPALITIES IN SERBIA<\/td>\n    <td><\/td>\n  <\/tr>\n  <tr>\n    <td><\/td>\n    <td>VINCA<\/td>\n    <td>M. Davidovi\u0107, U. Ramadani, M. \u017divkovi\u0107, D. Kleut, M. Jova\u0161evi\u0107-Stojanovi\u0107<\/td>\n    <td>COMPARISON OF PM LOW-COST SENSOR NETWORKS: UNICEF PILOT NETWORK IN SCHOOLS IN WESTERN SERBIA V.S. NOVI SAD NETWORK<\/td>\n    <td><\/td>\n  <\/tr>\n  <tr>\n    <td><\/td>\n    <td>VINCA<\/td>\n    <td>M. Davidovi\u0107, U. Ramadani, Milena Davidovi\u0107, D. B. Stojanovi\u0107, \u017d. \u0106irovi\u0107, M. Jova\u0161evi\u0107-Stojanovi\u0107<\/td>\n    <td>MAPPING PARTICULATE MATTER POLLUTION USING LOW-COST SENSOR NETWORK: NOVI SAD CASE STUDY<\/td>\n    <td><\/td>\n  <\/tr>\n  <tr>\n    <td><\/td>\n    <td>VINCA<\/td>\n    <td>\u017d. \u0106irovi\u0107, M. Davidovi\u0107, D. Kleut, D. B. Stojanovi\u0107, M. \u017divkovi\u0107, U. Ramadani, M. Jovanovi\u0107, I. Lazovi\u0107, B. Petrovi\u0107, A. Onjija, M. Jova\u0161evi\u0107-Stojanovi\u0107<\/td>\n    <td>PRELIMINARY ANALYSIS OF DIURNAL AND SEASONAL VARIATION OF SUBMICRON AMBIENT PARTICLE SIZE DISTRIBUTION IN BELGRADE URBAN AREA<\/td>\n    <td><\/td>\n  <\/tr>\n  <tr>\n    <td>The 21st International Conference on Nucleation &#038; Atmospheric Aerosols \u2013 ICNAA2023, 26-30.06.2023, Brisbane, Australia<\/td>\n    <td>VINCA, NILU, ENEA<\/td>\n    <td>MILO\u0160 D. DAVIDOVI\u0106, DU\u0160KA KLEUT, SAVERIO DE VITO, ALENA BARTONOVA, MILENA JOVA\u0160EVI\u0106-STOJANOVI\u0106<\/td>\n    <td>MOBILE MONITORING OF URBAN ULTRAFINE PARTICLES IN NOVI SAD, SERBIA<\/td>\n    <td><\/td>\n  <\/tr>\n  <tr>\n    <td>European Aerosol Conference, EAC2023, 3-8 September 2023, Malaga, Spain.<\/td>\n    <td>VINCA, ENEA, QUT<\/td>\n    <td>M. Jova\u0161evi\u0107-Stojanovi\u0107, D. Kleut, D.B. Stojanovi\u0107, M. \u017divkovi\u0107, I. Lazovi\u0107, S. De Vito, A. Bartonova, Z. Ristovski, M. Davidovi\u0107<\/td>\n    <td>Aerosols pollution level detection using Optical Particle Sensors in four Cities in Serbia: Low-Cost v.s. Equivalent PM Monitor<\/td>\n    <td><\/td>\n  <\/tr>\n  <tr>\n    <td>EUROSENSORS 2023<\/td>\n    <td>ENEA<\/td>\n    <td>D\u2019Elia G, Ferro M, Sommella P, Ferlito S, De Vito S, Di Francia G<\/td>\n    <td>Concept Drift Mitigation in Low-Cost Air Quality Monitoring Networks. Proceedings. 2024; 97(1):2. https:\/\/doi.org\/10.3390\/proceedings2024097002<\/td>\n    <td>Open access publishing on proceedings dedicated journal (MDPI Proceedings)<\/td>\n  <\/tr>\n  <tr>\n    <td>22nd European Meeting on Environmental Chemistry 5-8 December 2022<\/td>\n    <td>VINCA<\/td>\n    <td>D. Kleut, M. Davidovi\u0107, S. Dmitra\u0161inovi\u0107, M. \u017divkovi\u010d, D. Stojanovi\u0107, M. Budimir, I. Lazovi\u0107, M. Jova\u0161evi\u0107-Stojanovi\u0107, M. Davidovi\u0107<\/td>\n    <td>Air Quality Mobile Monitoring Campaign in Novi Sad Urban Area in Winter and Summer 2022<\/td>\n    <td>Book of Abstracts: 22nd European Meeting on Environmental Chemistry 5-8 December 2022, Ljubljana, Slovenia pp 86<\/td>\n  <\/tr>\n  <tr>\n    <td>ISOEN 2022<\/td>\n    <td>ENEA<\/td>\n    <td>S. De Vito, G. D&#8217;Elia and G. Di Francia<\/td>\n    <td>Global calibration models match ad-hoc calibrations field performances in low cost particulate matter sensors,&#8221; 2022 IEEE International Symposium on Olfaction and Electronic Nose (ISOEN), Aveiro, Portugal, 2022, pp. 1-4, doi: 10.1109\/ISOEN54820.2022.9789669<\/td>\n    <td><\/td>\n  <\/tr>\n<\/table>\n","protected":false},"excerpt":{"rendered":"<p>Publication List Topic Involved Partner(s) Journal Name Reference I.F. AI, Global Calibration, PM Sensing ENEA, VINCA IEEE Transactions on Instrumentation and Measurement S. DE VITO, G. D\u2019 ELIA, S. FERLITO , M. DAVIDOVIC, D. KLEUT, D. B. STOJANOVIC, M. JOVASEVIC-STOJANOVI\u0106, &#8220;A GLOBAL MULTIUNIT CALIBRATION AS A METHOD FOR LARGE-SCALE IOT PARTICULATE MATTER MONITORING SYSTEMS DEPLOYMENTS,&#8221; [&hellip;]<\/p>\n","protected":false},"author":1,"featured_media":0,"parent":0,"menu_order":0,"comment_status":"closed","ping_status":"closed","template":"","meta":{"footnotes":""},"class_list":["post-1536","page","type-page","status-publish","hentry","entry"],"_links":{"self":[{"href":"https:\/\/vidis-project.org\/index.php\/wp-json\/wp\/v2\/pages\/1536","targetHints":{"allow":["GET"]}}],"collection":[{"href":"https:\/\/vidis-project.org\/index.php\/wp-json\/wp\/v2\/pages"}],"about":[{"href":"https:\/\/vidis-project.org\/index.php\/wp-json\/wp\/v2\/types\/page"}],"author":[{"embeddable":true,"href":"https:\/\/vidis-project.org\/index.php\/wp-json\/wp\/v2\/users\/1"}],"replies":[{"embeddable":true,"href":"https:\/\/vidis-project.org\/index.php\/wp-json\/wp\/v2\/comments?post=1536"}],"version-history":[{"count":10,"href":"https:\/\/vidis-project.org\/index.php\/wp-json\/wp\/v2\/pages\/1536\/revisions"}],"predecessor-version":[{"id":1712,"href":"https:\/\/vidis-project.org\/index.php\/wp-json\/wp\/v2\/pages\/1536\/revisions\/1712"}],"wp:attachment":[{"href":"https:\/\/vidis-project.org\/index.php\/wp-json\/wp\/v2\/media?parent=1536"}],"curies":[{"name":"wp","href":"https:\/\/api.w.org\/{rel}","templated":true}]}}