{"id":1399,"date":"2024-06-21T12:58:06","date_gmt":"2024-06-21T12:58:06","guid":{"rendered":"https:\/\/vidis-project.org\/?page_id=1399"},"modified":"2024-07-02T23:22:36","modified_gmt":"2024-07-02T23:22:36","slug":"vidis-phd-students-research","status":"publish","type":"page","link":"https:\/\/vidis-project.org\/index.php\/vidis-phd-students-research\/","title":{"rendered":"VIDIS PhD STUDENTS RESEARCH"},"content":{"rendered":"\n<div class=\"wp-block-columns is-layout-flex wp-container-core-columns-is-layout-9d6595d7 wp-block-columns-is-layout-flex\">\n<div class=\"wp-block-column is-layout-flow wp-block-column-is-layout-flow\">\n<div class=\"wp-block-media-text is-stacked-on-mobile is-vertically-aligned-top\" style=\"grid-template-columns:15% auto\"><figure class=\"wp-block-media-text__media\"><img loading=\"lazy\" decoding=\"async\" width=\"131\" height=\"131\" src=\"https:\/\/vidis-project.org\/wp-content\/uploads\/2021\/04\/MarijaZivkovic.png\" alt=\"\" class=\"wp-image-212 size-full\"\/><\/figure><div class=\"wp-block-media-text__content\">\n<p><strong>Dr<\/strong> <strong>Marija \u017divkovi\u0107<\/strong><br><em>University of Belgrade, Faculty of Chemistry<\/em><br><strong>Thesis Title:<\/strong> CONTENT AND COMPOSITION OF INDOOR AND OUTDOOR AIR POLLUTION IN SCHOOL ENVIRONMENTS IN SERBIA | Link: <a href=\"https:\/\/fedorabg.bg.ac.rs\/fedora\/get\/o:33180\/bdef:Content\/get\">HERE<\/a><br><strong>Year<\/strong>: 2023<\/p>\n\n\n\n<p>Publications:<\/p>\n\n\n\n<ol class=\"wp-block-list\">\n<li class=\"has-small-font-size\">MARIJA \u017dIVKOVI\u0106 , MILENA JOVA\u0160EVI\u0106-STOJANOVI\u0106 , ANKA CVETKOVI\u0106 , RASTKO JOVANOVI\u0106 , DRAGAN MANOJLOVI\u0106, 2023. CHARACTERISATION OF FINE PARTICULATE MATTER LEVEL, CONTENT AND SOURCES OF A KINDERGARDEN MICROENVIRONMENT IN BELGRADE CITY CENTER, THERMAL SCIENCE: VOL. 27, NO. 3B, PP. 2215-2228, <a href=\"HTTPS:\/\/DOI.ORG\/10.2298\/TSCI220831220Z\">HTTPS:\/\/DOI.ORG\/10.2298\/TSCI220831220Z<\/a> (IF2023=1.71)<\/li>\n<\/ol>\n<\/div><\/div>\n<\/div>\n<\/div>\n\n\n\n<hr class=\"wp-block-separator alignfull has-alpha-channel-opacity\"\/>\n\n\n\n<div class=\"wp-block-media-text is-stacked-on-mobile\" style=\"grid-template-columns:15% auto\"><figure class=\"wp-block-media-text__media\"><\/figure><div class=\"wp-block-media-text__content\">\n<p><strong>Sonja Dmitra\u0161inovi\u0107<\/strong><br><em>University of Novi Sad, Faculty of Technical Sciences<\/em><br><strong>Thesis Title<\/strong>:<br><strong>Estimated year<\/strong>: 2024.<\/p>\n\n\n\n<p>Publications:<\/p>\n\n\n\n<ol class=\"wp-block-list\">\n<li class=\"has-small-font-size\">Dmitra\u0161inovi\u0107, S.; Radoni\u0107, J.; \u017divkovi\u0107, M.; \u0106irovi\u0107, \u017d.; Jova\u0161evi\u0107-Stojanovi\u0107, M.; Davidovi\u0107, M. Winter and Summer PM<sub>2.5<\/sub> Land Use Regression Models for the City of Novi Sad, Serbia. <em>Sustainability<\/em> <strong>2024<\/strong>, <em>16<\/em>, 5314. <a href=\"https:\/\/doi.org\/10.3390\/su16135314\">https:\/\/doi.org\/10.3390\/su16135314<\/a><\/li>\n<\/ol>\n<\/div><\/div>\n\n\n\n<hr class=\"wp-block-separator alignfull has-alpha-channel-opacity\"\/>\n\n\n\n<div class=\"wp-block-media-text is-stacked-on-mobile\" style=\"grid-template-columns:15% auto\"><figure class=\"wp-block-media-text__media\"><img loading=\"lazy\" decoding=\"async\" width=\"681\" height=\"658\" src=\"https:\/\/vidis-project.org\/wp-content\/uploads\/2024\/05\/uzahir_brisel-e1716544730795.jpg\" alt=\"\" class=\"wp-image-1131 size-full\" srcset=\"https:\/\/vidis-project.org\/wp-content\/uploads\/2024\/05\/uzahir_brisel-e1716544730795.jpg 681w, https:\/\/vidis-project.org\/wp-content\/uploads\/2024\/05\/uzahir_brisel-e1716544730795-300x290.jpg 300w\" sizes=\"auto, (max-width: 681px) 100vw, 681px\" \/><\/figure><div class=\"wp-block-media-text__content\">\n<p><strong>Uzahir Ramadani<\/strong><br><em>University of Belgrade, Faculty of Mechanical Engineering<\/em><br><strong>Draft Thesis Title:<\/strong> Machine learning Techniques as a Tool For Improving Quality of Information in Low Cost Sensor Networks<br><strong>Estimated year<\/strong>: 2025.<\/p>\n\n\n\n<p>Publications:<\/p>\n\n\n\n<ol class=\"wp-block-list\">\n<li class=\"has-small-font-size\">Uzahir Ramadani, Ivan Lazovi\u0107, Slobodan Radojevi\u0107, Marija \u017divkovi\u0107, Milena Jova\u0161evi\u0107-Stojanovi\u0107 and Milo\u0161 Davidovi\u0107, MRE\u017dE SENZORA ZA PRA\u0106ENJE KONCENTRACIJE SUSPENDOVANIH \u010cESTICA U VAZDUHU, 68th National Conference ETRAN 2024, 03-06 May, Ni\u0161, Serbia<\/li>\n\n\n\n<li class=\"has-small-font-size\">U. Ramadani, S. Radojevi\u0107, I. Lazovi\u0107, M. Davidovi\u0107, M. Jova\u0161evi\u0107-Stojanovi\u0107, THE VIDIS LOW-COST SENSOR NETWORK DEVELOPMENT: IMPLEMENTATION IN THE CITY OF NOVI SAD, WeBIOPATR2023, 2023<\/li>\n<\/ol>\n<\/div><\/div>\n\n\n\n<hr class=\"wp-block-separator alignfull has-alpha-channel-opacity\"\/>\n\n\n\n<div class=\"wp-block-media-text is-stacked-on-mobile\" style=\"grid-template-columns:15% auto\"><figure class=\"wp-block-media-text__media\"><\/figure><div class=\"wp-block-media-text__content\">\n<p><strong>Jelena Obradovi\u0107<\/strong><br><em>University of Belgrade, Faculty of Technology and Metallurgy<\/em><br><strong>Thesis Title<\/strong>:<br><strong>Estimated year<\/strong>: 2025.<br>Publications:<\/p>\n<\/div><\/div>\n","protected":false},"excerpt":{"rendered":"<p>Dr Marija \u017divkovi\u0107University of Belgrade, Faculty of ChemistryThesis Title: CONTENT AND COMPOSITION OF INDOOR AND OUTDOOR AIR POLLUTION IN SCHOOL ENVIRONMENTS IN SERBIA | Link: HEREYear: 2023 Publications: Jelena Obradovi\u0107University of Belgrade, Faculty of Technology and MetallurgyThesis Title:Estimated year: 2025.Publications:<\/p>\n","protected":false},"author":1,"featured_media":0,"parent":0,"menu_order":0,"comment_status":"closed","ping_status":"closed","template":"","meta":{"footnotes":""},"class_list":["post-1399","page","type-page","status-publish","hentry","entry"],"_links":{"self":[{"href":"https:\/\/vidis-project.org\/index.php\/wp-json\/wp\/v2\/pages\/1399","targetHints":{"allow":["GET"]}}],"collection":[{"href":"https:\/\/vidis-project.org\/index.php\/wp-json\/wp\/v2\/pages"}],"about":[{"href":"https:\/\/vidis-project.org\/index.php\/wp-json\/wp\/v2\/types\/page"}],"author":[{"embeddable":true,"href":"https:\/\/vidis-project.org\/index.php\/wp-json\/wp\/v2\/users\/1"}],"replies":[{"embeddable":true,"href":"https:\/\/vidis-project.org\/index.php\/wp-json\/wp\/v2\/comments?post=1399"}],"version-history":[{"count":18,"href":"https:\/\/vidis-project.org\/index.php\/wp-json\/wp\/v2\/pages\/1399\/revisions"}],"predecessor-version":[{"id":1718,"href":"https:\/\/vidis-project.org\/index.php\/wp-json\/wp\/v2\/pages\/1399\/revisions\/1718"}],"wp:attachment":[{"href":"https:\/\/vidis-project.org\/index.php\/wp-json\/wp\/v2\/media?parent=1399"}],"curies":[{"name":"wp","href":"https:\/\/api.w.org\/{rel}","templated":true}]}}