{"id":110,"date":"2021-03-29T20:46:58","date_gmt":"2021-03-29T20:46:58","guid":{"rendered":"https:\/\/vidis-project.org\/?page_id=110"},"modified":"2022-08-03T17:41:15","modified_gmt":"2022-08-03T17:41:15","slug":"contact-us","status":"publish","type":"page","link":"https:\/\/vidis-project.org\/index.php\/contact-us\/","title":{"rendered":"Contact Us"},"content":{"rendered":"<p style=\"text-align: right;\">For more information about the VIDIS Project, please contact:<\/p>\n<p><i><img loading=\"lazy\" decoding=\"async\" class=\"wp-image-119 alignleft\" src=\"https:\/\/vidis-project.org\/wp-content\/uploads\/2021\/03\/mjst-e1617095103967-272x300.png\" alt=\"\" width=\"210\" height=\"210\" \/><\/i><\/p>\n<p>&nbsp;<\/p>\n<p><i>Dr Milena <\/i><i>Jova<\/i><i>\u0161evi\u0107-Stojanovi\u0107<\/i><i>, Full Research Professor<\/i><\/p>\n<p><i>VIDIS coordinator, <\/i><i>WP4 leader, <\/i><i>contact<\/i><\/p>\n<p><!-- contact@vinca -->mjovst@vin.bg<!-- @vinca.com -->.ac.rs<\/p>\n<p>&nbsp;<\/p>\n<p><i><img loading=\"lazy\" decoding=\"async\" class=\" wp-image-120 alignleft\" src=\"https:\/\/vidis-project.org\/wp-content\/uploads\/2021\/03\/md-300x300.jpg\" alt=\"\" width=\"210\" height=\"210\" srcset=\"https:\/\/vidis-project.org\/wp-content\/uploads\/2021\/03\/md-300x300.jpg 300w, https:\/\/vidis-project.org\/wp-content\/uploads\/2021\/03\/md-150x150.jpg 150w, https:\/\/vidis-project.org\/wp-content\/uploads\/2021\/03\/md.jpg 512w\" sizes=\"auto, (max-width: 210px) 100vw, 210px\" \/><\/i><\/p>\n<p>&nbsp;<\/p>\n<p><i>Dr Milo<\/i><i>\u0161 <\/i><i>Davidovi\u0107<\/i><i>, Assistant Research Professor<\/i><\/p>\n<p><i>WP1 leader, contact<\/i><\/p>\n<p><!-- contact@vinca -->davidovic@vin.bg<!-- @vinca.com -->.ac.rs<\/p>\n<p>&nbsp;<\/p>\n<p>VIN\u010cA Institute of Nuclear Sciences, National Institute of the Republic of Serbia,<\/p>\n<p>University of Belgrade, 11000 Belgrade, Serbia<\/p>\n<p>&nbsp;<\/p>\n<p>&nbsp;<\/p>\n<p><strong>Project email<\/strong>:<\/p>\n<p>contact@vidis-project.org<\/p>\n<p><strong>Twitter account:<\/strong><\/p>\n<p>VIDIS Project H2020<\/p>\n<p><a style=\"text-align: center;\" href=\"https:\/\/twitter.com\/ProjectVidis?t=sRa8reSaEnjMrMxjvyaZ3w&amp;s=09\">@ProjectVidis<\/a><\/p>\n<p>&nbsp;<\/p>\n<p>&nbsp;<\/p>\n<p>&nbsp;<\/p>\n<p>&nbsp;<\/p>\n<p>&nbsp;<\/p>\n<p>&nbsp;<\/p>\n<p>&nbsp;<\/p>\n","protected":false},"excerpt":{"rendered":"<p>For more information about the VIDIS Project, please contact: &nbsp; Dr Milena Jova\u0161evi\u0107-Stojanovi\u0107, Full Research Professor VIDIS coordinator, WP4 leader, contact mjovst@vin.bg.ac.rs &nbsp; &nbsp; Dr Milo\u0161 Davidovi\u0107, Assistant Research Professor WP1 leader, contact davidovic@vin.bg.ac.rs &nbsp; VIN\u010cA Institute of Nuclear Sciences, National Institute of the Republic of Serbia, University of Belgrade, 11000 Belgrade, Serbia &nbsp; &nbsp; [&hellip;]<\/p>\n","protected":false},"author":1,"featured_media":0,"parent":0,"menu_order":7,"comment_status":"closed","ping_status":"closed","template":"","meta":{"footnotes":""},"class_list":["post-110","page","type-page","status-publish","hentry","entry"],"_links":{"self":[{"href":"https:\/\/vidis-project.org\/index.php\/wp-json\/wp\/v2\/pages\/110","targetHints":{"allow":["GET"]}}],"collection":[{"href":"https:\/\/vidis-project.org\/index.php\/wp-json\/wp\/v2\/pages"}],"about":[{"href":"https:\/\/vidis-project.org\/index.php\/wp-json\/wp\/v2\/types\/page"}],"author":[{"embeddable":true,"href":"https:\/\/vidis-project.org\/index.php\/wp-json\/wp\/v2\/users\/1"}],"replies":[{"embeddable":true,"href":"https:\/\/vidis-project.org\/index.php\/wp-json\/wp\/v2\/comments?post=110"}],"version-history":[{"count":8,"href":"https:\/\/vidis-project.org\/index.php\/wp-json\/wp\/v2\/pages\/110\/revisions"}],"predecessor-version":[{"id":954,"href":"https:\/\/vidis-project.org\/index.php\/wp-json\/wp\/v2\/pages\/110\/revisions\/954"}],"wp:attachment":[{"href":"https:\/\/vidis-project.org\/index.php\/wp-json\/wp\/v2\/media?parent=110"}],"curies":[{"name":"wp","href":"https:\/\/api.w.org\/{rel}","templated":true}]}}